{"id":11,"date":"2025-09-10T19:08:14","date_gmt":"2025-09-10T19:08:14","guid":{"rendered":"http:\/\/daddygrunge.rocks\/?page_id=11"},"modified":"2025-09-10T19:08:14","modified_gmt":"2025-09-10T19:08:14","slug":"right-of-withdrawal","status":"publish","type":"page","link":"https:\/\/daddygrunge.rocks\/de\/right-of-withdrawal\/","title":{"rendered":"Widerrufsbelehrung"},"content":{"rendered":"<p>Du hast das Recht, binnen vierzehn Tagen ohne Angabe von Gr\u00fcnden diesen Vertrag zu widerrufen.<br>Die Widerrufsfrist betr\u00e4gt vierzehn Tage ab dem Tag,<br>\u2013 an dem du oder ein von dir benannter Dritter, der nicht der Bef\u00f6rderer ist, die Waren in Besitz genommen hast.<br><br>Um dein Widerrufsrecht auszu\u00fcben, musst du uns (nachstehende Adresse) informieren:<br>Marcontex UG<br>Zeisigweg 4<br>D-09366 Stollberg\/ Erzgebirge<br>Deutschland<br>Mail: webmaster@daddygrunge.rocks<br>+49 37296 933768<br><br>mittels einer eindeutigen Erkl\u00e4rung (z.\u202fB. per Post oder E-Mail) \u00fcber deinen Entschluss, diesen Vertrag zu widerrufen.<br><\/p>\n\n\n\n<h2 class=\"wp-block-heading\">Folgen des Widerrufs<\/h2>\n\n\n\n<p>Wenn du diesen Vertrag widerrufst, erstatten wir dir alle Zahlungen, die wir von dir erhalten haben, einschlie\u00dflich der Lieferkosten (mit Ausnahme zus\u00e4tzlicher Kosten, die sich daraus ergeben, dass du eine andere Art der Lieferung als die von uns angebotene Standardlieferung gew\u00e4hlt hast), unverz\u00fcglich und sp\u00e4testens binnen vierzehn Tagen ab dem Tag, an dem die Mitteilung \u00fcber deinen Widerruf bei uns eingegangen ist.<br>F\u00fcr diese R\u00fcckzahlung verwenden wir dasselbe Zahlungsmittel, das du bei der urspr\u00fcnglichen Transaktion eingesetzt hast, es sei denn, mit dir wurde ausdr\u00fccklich etwas anderes vereinbart.<\/p>\n\n\n\n<p>Wir k\u00f6nnen die R\u00fcckzahlung verweigern, bis wir die Waren wieder zur\u00fcckerhalten haben oder bis du den Nachweis erbracht hast, dass du die Waren zur\u00fcckgesandt hast.<br>Die Waren sind unverz\u00fcglich, sp\u00e4testens binnen vierzehn Tagen, an folgende Adresse zur\u00fcckzusenden:<br>Marcontex UG<br>Zeisigweg 4<br>D-09366 Stollberg\/ Erzgebirge<br>Deutschland<br>Du tr\u00e4gst die unmittelbaren Kosten der R\u00fccksendung.<br><\/p>\n\n\n\n<h2 class=\"wp-block-heading\">Ausschluss des Widerrufsrechts<\/h2>\n\n\n\n<p>Das Widerrufsrecht besteht nicht bei Vertr\u00e4gen zur Lieferung von Waren, die nicht vorgefertigt sind und die nach Kundenspezifikation angefertigt wurden oder eindeutig auf die pers\u00f6nlichen Bed\u00fcrfnisse des Verbrauchers zugeschnitten sind (z.\u202fB. T-Shirts mit individuellen Namen, Sonderdrucken nach Kundenwunsch).<\/p>\n\n\n\n<p><\/p>\n\n\n\n<h2 class=\"wp-block-heading\">Brauchen Sie Hilfe?<\/h2>\n\n\n\n<p>Bei Fragen zu R\u00fcckerstattungen und R\u00fccksendungen wenden Sie sich bitte an webmaster@daddygrunge.com.<\/p>","protected":false},"excerpt":{"rendered":"<p>You have the right to withdraw from this contract within fourteen days without giving any reason.The withdrawal period is fourteen days from the dayon which you or a third party named by you, who is not the carrier, took possession of the goods. To exercise your right of withdrawal, you must inform us:Marcontex UGZeisigweg 4D-09366 [&hellip;]<\/p>\n","protected":false},"author":1,"featured_media":0,"parent":0,"menu_order":0,"comment_status":"closed","ping_status":"closed","template":"","meta":{"_themeisle_gutenberg_block_has_review":false,"footnotes":""},"class_list":["post-11","page","type-page","status-publish","hentry"],"yoast_head":"<!-- This site is optimized with the Yoast SEO plugin v27.5 - https:\/\/yoast.com\/product\/yoast-seo-wordpress\/ -->\n<title>Right of Withdrawal - Daddy Grunge<\/title>\n<meta name=\"robots\" content=\"index, follow, max-snippet:-1, max-image-preview:large, max-video-preview:-1\" \/>\n<link rel=\"canonical\" href=\"https:\/\/daddygrunge.rocks\/de\/right-of-withdrawal\/\" \/>\n<meta property=\"og:locale\" content=\"de_DE\" \/>\n<meta property=\"og:type\" content=\"article\" \/>\n<meta property=\"og:title\" content=\"Right of Withdrawal - Daddy Grunge\" \/>\n<meta property=\"og:description\" content=\"You have the right to withdraw from this contract within fourteen days without giving any reason.The withdrawal period is fourteen days from the dayon which you or a third party named by you, who is not the carrier, took possession of the goods. To exercise your right of withdrawal, you must inform us:Marcontex UGZeisigweg 4D-09366 [&hellip;]\" \/>\n<meta property=\"og:url\" content=\"https:\/\/daddygrunge.rocks\/de\/right-of-withdrawal\/\" \/>\n<meta property=\"og:site_name\" content=\"Daddy Grunge\" \/>\n<meta property=\"article:publisher\" content=\"https:\/\/www.facebook.com\/profile.php?id=61564069955899\" \/>\n<meta name=\"twitter:card\" content=\"summary_large_image\" \/>\n<meta name=\"twitter:label1\" content=\"Gesch\u00e4tzte Lesezeit\" \/>\n\t<meta name=\"twitter:data1\" content=\"1\u00a0Minute\" \/>\n<script type=\"application\/ld+json\" class=\"yoast-schema-graph\">{\"@context\":\"https:\\\/\\\/schema.org\",\"@graph\":[{\"@type\":\"WebPage\",\"@id\":\"https:\\\/\\\/daddygrunge.rocks\\\/en\\\/right-of-withdrawal\\\/\",\"url\":\"https:\\\/\\\/daddygrunge.rocks\\\/en\\\/right-of-withdrawal\\\/\",\"name\":\"Right of Withdrawal - Daddy Grunge\",\"isPartOf\":{\"@id\":\"https:\\\/\\\/daddygrunge.rocks\\\/en\\\/#website\"},\"datePublished\":\"2025-09-10T19:08:14+00:00\",\"breadcrumb\":{\"@id\":\"https:\\\/\\\/daddygrunge.rocks\\\/en\\\/right-of-withdrawal\\\/#breadcrumb\"},\"inLanguage\":\"de\",\"potentialAction\":[{\"@type\":\"ReadAction\",\"target\":[\"https:\\\/\\\/daddygrunge.rocks\\\/en\\\/right-of-withdrawal\\\/\"]}]},{\"@type\":\"BreadcrumbList\",\"@id\":\"https:\\\/\\\/daddygrunge.rocks\\\/en\\\/right-of-withdrawal\\\/#breadcrumb\",\"itemListElement\":[{\"@type\":\"ListItem\",\"position\":1,\"name\":\"Home\",\"item\":\"https:\\\/\\\/daddygrunge.rocks\\\/\"},{\"@type\":\"ListItem\",\"position\":2,\"name\":\"Right of Withdrawal\"}]},{\"@type\":\"WebSite\",\"@id\":\"https:\\\/\\\/daddygrunge.rocks\\\/en\\\/#website\",\"url\":\"https:\\\/\\\/daddygrunge.rocks\\\/en\\\/\",\"name\":\"Daddy Grunge\",\"description\":\"The 90s are back! As a sound, as a tee, as an old memory!\",\"publisher\":{\"@id\":\"https:\\\/\\\/daddygrunge.rocks\\\/en\\\/#organization\"},\"potentialAction\":[{\"@type\":\"SearchAction\",\"target\":{\"@type\":\"EntryPoint\",\"urlTemplate\":\"https:\\\/\\\/daddygrunge.rocks\\\/en\\\/?s={search_term_string}\"},\"query-input\":{\"@type\":\"PropertyValueSpecification\",\"valueRequired\":true,\"valueName\":\"search_term_string\"}}],\"inLanguage\":\"de\"},{\"@type\":\"Organization\",\"@id\":\"https:\\\/\\\/daddygrunge.rocks\\\/en\\\/#organization\",\"name\":\"Daddy Grunge\",\"alternateName\":\"Marcontex UG\",\"url\":\"https:\\\/\\\/daddygrunge.rocks\\\/en\\\/\",\"logo\":{\"@type\":\"ImageObject\",\"inLanguage\":\"de\",\"@id\":\"https:\\\/\\\/daddygrunge.rocks\\\/en\\\/#\\\/schema\\\/logo\\\/image\\\/\",\"url\":\"https:\\/\\/daddygrunge.rocks\\/wp-content\\/uploads\\/2025\\/08\\/Logo-Daddy-Grunge-Header-Web.png\",\"contentUrl\":\"https:\\/\\/daddygrunge.rocks\\/wp-content\\/uploads\\/2025\\/08\\/Logo-Daddy-Grunge-Header-Web.png\",\"width\":176,\"height\":98,\"caption\":\"Daddy Grunge\"},\"image\":{\"@id\":\"https:\\\/\\\/daddygrunge.rocks\\\/en\\\/#\\\/schema\\\/logo\\\/image\\\/\"},\"sameAs\":[\"https:\\\/\\\/www.facebook.com\\\/profile.php?id=61564069955899\",\"https:\\\/\\\/www.instagram.com\\\/daddy_grunge_90s\\\/\",\"https:\\\/\\\/www.tiktok.com\\\/@daddy_grunge_90s\",\"https:\\\/\\\/www.youtube.com\\\/@daddygrunge\"]}]}<\/script>\n<!-- \/ Yoast SEO plugin. -->","yoast_head_json":{"title":"Right of Withdrawal - Daddy Grunge","robots":{"index":"index","follow":"follow","max-snippet":"max-snippet:-1","max-image-preview":"max-image-preview:large","max-video-preview":"max-video-preview:-1"},"canonical":"https:\/\/daddygrunge.rocks\/de\/right-of-withdrawal\/","og_locale":"de_DE","og_type":"article","og_title":"Right of Withdrawal - Daddy Grunge","og_description":"You have the right to withdraw from this contract within fourteen days without giving any reason.The withdrawal period is fourteen days from the dayon which you or a third party named by you, who is not the carrier, took possession of the goods. To exercise your right of withdrawal, you must inform us:Marcontex UGZeisigweg 4D-09366 [&hellip;]","og_url":"https:\/\/daddygrunge.rocks\/de\/right-of-withdrawal\/","og_site_name":"Daddy Grunge","article_publisher":"https:\/\/www.facebook.com\/profile.php?id=61564069955899","twitter_card":"summary_large_image","twitter_misc":{"Gesch\u00e4tzte Lesezeit":"1\u00a0Minute"},"schema":{"@context":"https:\/\/schema.org","@graph":[{"@type":"WebPage","@id":"https:\/\/daddygrunge.rocks\/en\/right-of-withdrawal\/","url":"https:\/\/daddygrunge.rocks\/en\/right-of-withdrawal\/","name":"Right of Withdrawal - Daddy Grunge","isPartOf":{"@id":"https:\/\/daddygrunge.rocks\/en\/#website"},"datePublished":"2025-09-10T19:08:14+00:00","breadcrumb":{"@id":"https:\/\/daddygrunge.rocks\/en\/right-of-withdrawal\/#breadcrumb"},"inLanguage":"de","potentialAction":[{"@type":"ReadAction","target":["https:\/\/daddygrunge.rocks\/en\/right-of-withdrawal\/"]}]},{"@type":"BreadcrumbList","@id":"https:\/\/daddygrunge.rocks\/en\/right-of-withdrawal\/#breadcrumb","itemListElement":[{"@type":"ListItem","position":1,"name":"Home","item":"https:\/\/daddygrunge.rocks\/"},{"@type":"ListItem","position":2,"name":"Right of Withdrawal"}]},{"@type":"WebSite","@id":"https:\/\/daddygrunge.rocks\/en\/#website","url":"https:\/\/daddygrunge.rocks\/en\/","name":"Daddy Grunge","description":"The 90s are back! As a sound, as a tee, as an old memory!","publisher":{"@id":"https:\/\/daddygrunge.rocks\/en\/#organization"},"potentialAction":[{"@type":"SearchAction","target":{"@type":"EntryPoint","urlTemplate":"https:\/\/daddygrunge.rocks\/en\/?s={search_term_string}"},"query-input":{"@type":"PropertyValueSpecification","valueRequired":true,"valueName":"search_term_string"}}],"inLanguage":"de"},{"@type":"Organization","@id":"https:\/\/daddygrunge.rocks\/en\/#organization","name":"Daddy Grunge","alternateName":"Marcontex UG","url":"https:\/\/daddygrunge.rocks\/en\/","logo":{"@type":"ImageObject","inLanguage":"de","@id":"https:\/\/daddygrunge.rocks\/en\/#\/schema\/logo\/image\/","url":"https:\/\/mlp9s9tajaal.i.optimole.com\/cb:omtd.fbe\/w:auto\/h:auto\/q:mauto\/ig:avif\/https:\/\/daddygrunge.rocks\/wp-content\/uploads\/2025\/08\/Logo-Daddy-Grunge-Header-Web.png","contentUrl":"https:\/\/mlp9s9tajaal.i.optimole.com\/cb:omtd.fbe\/w:auto\/h:auto\/q:mauto\/ig:avif\/https:\/\/daddygrunge.rocks\/wp-content\/uploads\/2025\/08\/Logo-Daddy-Grunge-Header-Web.png","width":176,"height":98,"caption":"Daddy Grunge"},"image":{"@id":"https:\/\/daddygrunge.rocks\/en\/#\/schema\/logo\/image\/"},"sameAs":["https:\/\/www.facebook.com\/profile.php?id=61564069955899","https:\/\/www.instagram.com\/daddy_grunge_90s\/","https:\/\/www.tiktok.com\/@daddy_grunge_90s","https:\/\/www.youtube.com\/@daddygrunge"]}]}},"_links":{"self":[{"href":"https:\/\/daddygrunge.rocks\/de\/wp-json\/wp\/v2\/pages\/11","targetHints":{"allow":["GET"]}}],"collection":[{"href":"https:\/\/daddygrunge.rocks\/de\/wp-json\/wp\/v2\/pages"}],"about":[{"href":"https:\/\/daddygrunge.rocks\/de\/wp-json\/wp\/v2\/types\/page"}],"author":[{"embeddable":true,"href":"https:\/\/daddygrunge.rocks\/de\/wp-json\/wp\/v2\/users\/1"}],"replies":[{"embeddable":true,"href":"https:\/\/daddygrunge.rocks\/de\/wp-json\/wp\/v2\/comments?post=11"}],"version-history":[{"count":5,"href":"https:\/\/daddygrunge.rocks\/de\/wp-json\/wp\/v2\/pages\/11\/revisions"}],"predecessor-version":[{"id":222,"href":"https:\/\/daddygrunge.rocks\/de\/wp-json\/wp\/v2\/pages\/11\/revisions\/222"}],"wp:attachment":[{"href":"https:\/\/daddygrunge.rocks\/de\/wp-json\/wp\/v2\/media?parent=11"}],"curies":[{"name":"wp","href":"https:\/\/api.w.org\/{rel}","templated":true}]}}