{"id":51,"date":"2025-08-31T14:35:43","date_gmt":"2025-08-31T14:35:43","guid":{"rendered":"https:\/\/daddygrunge.rocks\/?page_id=51"},"modified":"2026-01-18T11:54:42","modified_gmt":"2026-01-18T11:54:42","slug":"imprint","status":"publish","type":"page","link":"https:\/\/daddygrunge.rocks\/de\/imprint\/","title":{"rendered":"Impressum"},"content":{"rendered":"<hr class=\"wp-block-separator has-alpha-channel-opacity\"\/>\n\n\n\n<p><strong class=\"\">Rechtshinweis <\/strong><\/p>\n\n\n\n<p>Marcontex UG (haftungsbeschr\u00e4nkt)<br>Inhaber: Torsten Gericke<br>Adresse: Zeisigweg 4, 09366 Stollberg<br>Handelsregister: Stollberg\/ Erzgeb. , HRB 31581<br>USt.-Id Nr.: DE358862600<\/p>\n\n\n\n<p>Email:&nbsp;<a href=\"mailto:info@daddygrunge.rocks\" target=\"_blank\" rel=\"noreferrer noopener\">webmaster@daddygrunge.rocks<\/a><br>Tel.: +49 37296 933768<\/p>\n\n\n\n<p>Verantwortlich f\u00fcr Inhalte gem\u00e4\u00df \u00a7 55 Abs. 2 RStV: Torsten Gericke<\/p>\n\n\n\n<p><\/p>\n\n\n\n<p>Online-Streitbeilegung (OS): <br>Die Europ\u00e4ische Kommission stellt eine Plattform zur Online-Streitbeilegung (OS) bereit: https:\/\/ec.europa.eu\/consumers\/odr\/ <\/p>\n\n\n\n<p>Wir sind weder verpflichtet noch bereit, an Streitbeilegungsverfahren vor einer Verbraucherschlichtungsstelle teilzunehmen.<\/p>\n\n\n\n<p><\/p>\n\n\n\n<h2 class=\"wp-block-heading\"><br>Haftungs- und Urheberrechtshinweise<\/h2>\n\n\n\n<p><\/p>\n\n\n\n<h4 id=\"wp-block-themeisle-blocks-advanced-heading-61b84068\" class=\"wp-block-themeisle-blocks-advanced-heading wp-block-themeisle-blocks-advanced-heading-61b84068\"><strong>Haftungsausschluss<\/strong>:<\/h4>\n\n\n\n<p>Die Inhalte dieses Onlineangebotes wurden mit gr\u00f6\u00dfter Sorgfalt und nach bestem Wissen erstellt. Sie dienen jedoch nur zu Informationszwecken und haben keine rechtlich bindende Wirkung, es sei denn, es handelt sich um gesetzlich vorgeschriebene Informationen (z. B. Impressum, Datenschutzerkl\u00e4rung, AGB oder Widerrufsbelehrung). Wir behalten uns das Recht vor, die Inhalte ganz oder teilweise zu \u00e4ndern oder zu l\u00f6schen, sofern vertragliche Verpflichtungen davon unber\u00fchrt bleiben. Alle Angebote sind freibleibend und unverbindlich.<\/p>\n\n\n\n<h4 class=\"wp-block-heading\"><strong>Links zu externen Websites<\/strong>:<\/h4>\n\n\n\n<p>Der Inhalt externer Websites, auf die wir direkt oder indirekt verweisen, liegt au\u00dferhalb unserer Verantwortung und wir machen uns diese nicht zu eigen. F\u00fcr alle Inhalte und insbesondere f\u00fcr Sch\u00e4den, die aus der Nutzung der auf den verlinkten Websites verf\u00fcgbaren Informationen entstehen, haftet ausschlie\u00dflich der Anbieter der verlinkten Websites.<\/p>\n\n\n\n<h4 class=\"wp-block-heading\"><strong>Urheberrechte und Markenrechte<\/strong>:<\/h4>\n\n\n\n<p>Alle auf dieser Website dargestellten Inhalte, wie Texte, Fotos, Grafiken, (eingebettete) Videos, (eingebettete) Musik und Sounds, Marken und Handelsnamen, sind durch die jeweiligen geistigen Eigentumsrechte (Urheberrechte, Markenrechte) gesch\u00fctzt. Die Nutzung, Vervielf\u00e4ltigung usw. unterliegt den Eigentumsrechten der jeweiligen Urheber oder Rechteinhaber. Nur die von marcontex UG\/ Daddy Grunge ausdr\u00fccklich zur Wiederverwendung freigegebenen Inhalte d\u00fcrfen von Nutzern von der Website heruntergeladen und vervielf\u00e4ltigt werden, sofern die Freigabe auch f\u00fcr sie gilt. Dabei d\u00fcrfen die Inhalte nicht ver\u00e4ndert, verf\u00e4lscht oder grafisch weiterbearbeitet werden. Die Anfertigung einer angemessenen Anzahl von Kopien auf elektronischen Datentr\u00e4gern oder in gedruckter Form ist zul\u00e4ssig, sofern diese Kopien ausschlie\u00dflich f\u00fcr den pers\u00f6nlichen Gebrauch erstellt und verwendet werden. Daddy Grunge muss ausdr\u00fccklich als Quelle angegeben werden. Jede weitere Verwendung der Inhalte der Website stellt eine Urheberrechtsverletzung dar.<\/p>\n\n\n\n<h4 class=\"wp-block-heading\"><strong>Meldung von Rechtsverst\u00f6\u00dfen<\/strong>:<\/h4>\n\n\n\n<p>Sollten Sie Rechtsverst\u00f6\u00dfe innerhalb unseres Onlineauftritts feststellen, bitten wir Sie, uns dies mitzuteilen. Wir werden rechtswidrige Inhalte und Links unverz\u00fcglich entfernen, sobald wir davon Kenntnis erhalten.<\/p>\n\n\n\n<p><\/p>\n\n\n\n<h4 class=\"wp-block-heading\">Bildnachweise<\/h4>\n\n\n\n<p>Alle hier gezeigten Inhalte stammen aus eigener Quelle. Sobald es Ausnahmen gibt, werden die Urheber ordnungsgem\u00e4\u00df genannt.<\/p>\n\n\n\n<p>Stockbilder\/GIFs (Pexels, Pixabay): Placidplace<\/p>","protected":false},"excerpt":{"rendered":"<p>Legal Notice Marcontex UG (limited liability)Represented by: Torsten GerickeAddress: Zeisigweg 4, 09366 Stollberg, GermanyCommercial Register: Local Court Stollberg\/ Erzgebirge, HRB 31581VAT ID: DE358862600 Email:&nbsp;webmaster@daddygrunge.rocksPhone: +49 37296 933768 Responsible pursuant to \u00a7 55 RStV: Torsten Gericke Online Dispute Resolution (ODR): The European Commission provides a platform for online dispute resolution: https:\/\/ec.europa.eu\/consumers\/odr\/ We are neither obliged nor [&hellip;]<\/p>\n","protected":false},"author":1,"featured_media":0,"parent":0,"menu_order":0,"comment_status":"closed","ping_status":"closed","template":"","meta":{"_themeisle_gutenberg_block_has_review":false,"footnotes":""},"class_list":["post-51","page","type-page","status-publish","hentry"],"yoast_head":"<!-- This site is optimized with the Yoast SEO plugin v27.5 - https:\/\/yoast.com\/product\/yoast-seo-wordpress\/ -->\n<title>Imprint 90s Retro Fashion &amp; Cartoon Tees | Daddy Grunge<\/title>\n<meta name=\"description\" content=\"Legal notice of Daddy Grunge site &amp; 90s memorabilia: tees, memories and much more\" \/>\n<meta name=\"robots\" content=\"index, follow, max-snippet:-1, max-image-preview:large, max-video-preview:-1\" \/>\n<link rel=\"canonical\" href=\"https:\/\/daddygrunge.rocks\/de\/imprint\/\" \/>\n<meta property=\"og:locale\" content=\"de_DE\" \/>\n<meta property=\"og:type\" content=\"article\" \/>\n<meta property=\"og:title\" content=\"Imprint 90s Retro Fashion &amp; Cartoon Tees | Daddy Grunge\" \/>\n<meta property=\"og:description\" content=\"Legal notice of Daddy Grunge site &amp; 90s memorabilia: tees, memories and much more\" \/>\n<meta property=\"og:url\" content=\"https:\/\/daddygrunge.rocks\/de\/imprint\/\" \/>\n<meta property=\"og:site_name\" content=\"Daddy Grunge\" \/>\n<meta property=\"article:publisher\" content=\"https:\/\/www.facebook.com\/profile.php?id=61564069955899\" \/>\n<meta property=\"article:modified_time\" content=\"2026-01-18T11:54:42+00:00\" \/>\n<meta name=\"twitter:card\" content=\"summary_large_image\" \/>\n<meta name=\"twitter:label1\" content=\"Gesch\u00e4tzte Lesezeit\" \/>\n\t<meta name=\"twitter:data1\" content=\"2\u00a0Minuten\" \/>\n<script type=\"application\/ld+json\" class=\"yoast-schema-graph\">{\"@context\":\"https:\\\/\\\/schema.org\",\"@graph\":[{\"@type\":\"WebPage\",\"@id\":\"https:\\\/\\\/daddygrunge.rocks\\\/imprint\\\/\",\"url\":\"https:\\\/\\\/daddygrunge.rocks\\\/imprint\\\/\",\"name\":\"Imprint 90s Retro Fashion & Cartoon Tees | Daddy Grunge\",\"isPartOf\":{\"@id\":\"https:\\\/\\\/daddygrunge.rocks\\\/en\\\/#website\"},\"datePublished\":\"2025-08-31T14:35:43+00:00\",\"dateModified\":\"2026-01-18T11:54:42+00:00\",\"description\":\"Legal notice of Daddy Grunge site & 90s memorabilia: tees, memories and much more\",\"breadcrumb\":{\"@id\":\"https:\\\/\\\/daddygrunge.rocks\\\/imprint\\\/#breadcrumb\"},\"inLanguage\":\"de\",\"potentialAction\":[{\"@type\":\"ReadAction\",\"target\":[\"https:\\\/\\\/daddygrunge.rocks\\\/imprint\\\/\"]}]},{\"@type\":\"BreadcrumbList\",\"@id\":\"https:\\\/\\\/daddygrunge.rocks\\\/imprint\\\/#breadcrumb\",\"itemListElement\":[{\"@type\":\"ListItem\",\"position\":1,\"name\":\"Home\",\"item\":\"https:\\\/\\\/daddygrunge.rocks\\\/\"},{\"@type\":\"ListItem\",\"position\":2,\"name\":\"Imprint\"}]},{\"@type\":\"WebSite\",\"@id\":\"https:\\\/\\\/daddygrunge.rocks\\\/en\\\/#website\",\"url\":\"https:\\\/\\\/daddygrunge.rocks\\\/en\\\/\",\"name\":\"Daddy Grunge\",\"description\":\"The 90s are back! As a sound, as a tee, as an old memory!\",\"publisher\":{\"@id\":\"https:\\\/\\\/daddygrunge.rocks\\\/en\\\/#organization\"},\"potentialAction\":[{\"@type\":\"SearchAction\",\"target\":{\"@type\":\"EntryPoint\",\"urlTemplate\":\"https:\\\/\\\/daddygrunge.rocks\\\/en\\\/?s={search_term_string}\"},\"query-input\":{\"@type\":\"PropertyValueSpecification\",\"valueRequired\":true,\"valueName\":\"search_term_string\"}}],\"inLanguage\":\"de\"},{\"@type\":\"Organization\",\"@id\":\"https:\\\/\\\/daddygrunge.rocks\\\/en\\\/#organization\",\"name\":\"Daddy Grunge\",\"alternateName\":\"Marcontex UG\",\"url\":\"https:\\\/\\\/daddygrunge.rocks\\\/en\\\/\",\"logo\":{\"@type\":\"ImageObject\",\"inLanguage\":\"de\",\"@id\":\"https:\\\/\\\/daddygrunge.rocks\\\/en\\\/#\\\/schema\\\/logo\\\/image\\\/\",\"url\":\"https:\\/\\/daddygrunge.rocks\\/wp-content\\/uploads\\/2025\\/08\\/Logo-Daddy-Grunge-Header-Web.png\",\"contentUrl\":\"https:\\/\\/daddygrunge.rocks\\/wp-content\\/uploads\\/2025\\/08\\/Logo-Daddy-Grunge-Header-Web.png\",\"width\":176,\"height\":98,\"caption\":\"Daddy Grunge\"},\"image\":{\"@id\":\"https:\\\/\\\/daddygrunge.rocks\\\/en\\\/#\\\/schema\\\/logo\\\/image\\\/\"},\"sameAs\":[\"https:\\\/\\\/www.facebook.com\\\/profile.php?id=61564069955899\",\"https:\\\/\\\/www.instagram.com\\\/daddy_grunge_90s\\\/\",\"https:\\\/\\\/www.tiktok.com\\\/@daddy_grunge_90s\",\"https:\\\/\\\/www.youtube.com\\\/@daddygrunge\"]}]}<\/script>\n<!-- \/ Yoast SEO plugin. -->","yoast_head_json":{"title":"Imprint 90s Retro Fashion & Cartoon Tees | Daddy Grunge","description":"Legal notice of Daddy Grunge site & 90s memorabilia: tees, memories and much more","robots":{"index":"index","follow":"follow","max-snippet":"max-snippet:-1","max-image-preview":"max-image-preview:large","max-video-preview":"max-video-preview:-1"},"canonical":"https:\/\/daddygrunge.rocks\/de\/imprint\/","og_locale":"de_DE","og_type":"article","og_title":"Imprint 90s Retro Fashion & Cartoon Tees | Daddy Grunge","og_description":"Legal notice of Daddy Grunge site & 90s memorabilia: tees, memories and much more","og_url":"https:\/\/daddygrunge.rocks\/de\/imprint\/","og_site_name":"Daddy Grunge","article_publisher":"https:\/\/www.facebook.com\/profile.php?id=61564069955899","article_modified_time":"2026-01-18T11:54:42+00:00","twitter_card":"summary_large_image","twitter_misc":{"Gesch\u00e4tzte Lesezeit":"2\u00a0Minuten"},"schema":{"@context":"https:\/\/schema.org","@graph":[{"@type":"WebPage","@id":"https:\/\/daddygrunge.rocks\/imprint\/","url":"https:\/\/daddygrunge.rocks\/imprint\/","name":"Imprint 90s Retro Fashion & Cartoon Tees | Daddy Grunge","isPartOf":{"@id":"https:\/\/daddygrunge.rocks\/en\/#website"},"datePublished":"2025-08-31T14:35:43+00:00","dateModified":"2026-01-18T11:54:42+00:00","description":"Legal notice of Daddy Grunge site & 90s memorabilia: tees, memories and much more","breadcrumb":{"@id":"https:\/\/daddygrunge.rocks\/imprint\/#breadcrumb"},"inLanguage":"de","potentialAction":[{"@type":"ReadAction","target":["https:\/\/daddygrunge.rocks\/imprint\/"]}]},{"@type":"BreadcrumbList","@id":"https:\/\/daddygrunge.rocks\/imprint\/#breadcrumb","itemListElement":[{"@type":"ListItem","position":1,"name":"Home","item":"https:\/\/daddygrunge.rocks\/"},{"@type":"ListItem","position":2,"name":"Imprint"}]},{"@type":"WebSite","@id":"https:\/\/daddygrunge.rocks\/en\/#website","url":"https:\/\/daddygrunge.rocks\/en\/","name":"Daddy Grunge","description":"The 90s are back! As a sound, as a tee, as an old memory!","publisher":{"@id":"https:\/\/daddygrunge.rocks\/en\/#organization"},"potentialAction":[{"@type":"SearchAction","target":{"@type":"EntryPoint","urlTemplate":"https:\/\/daddygrunge.rocks\/en\/?s={search_term_string}"},"query-input":{"@type":"PropertyValueSpecification","valueRequired":true,"valueName":"search_term_string"}}],"inLanguage":"de"},{"@type":"Organization","@id":"https:\/\/daddygrunge.rocks\/en\/#organization","name":"Daddy Grunge","alternateName":"Marcontex UG","url":"https:\/\/daddygrunge.rocks\/en\/","logo":{"@type":"ImageObject","inLanguage":"de","@id":"https:\/\/daddygrunge.rocks\/en\/#\/schema\/logo\/image\/","url":"https:\/\/mlp9s9tajaal.i.optimole.com\/cb:omtd.fbe\/w:auto\/h:auto\/q:mauto\/ig:avif\/https:\/\/daddygrunge.rocks\/wp-content\/uploads\/2025\/08\/Logo-Daddy-Grunge-Header-Web.png","contentUrl":"https:\/\/mlp9s9tajaal.i.optimole.com\/cb:omtd.fbe\/w:auto\/h:auto\/q:mauto\/ig:avif\/https:\/\/daddygrunge.rocks\/wp-content\/uploads\/2025\/08\/Logo-Daddy-Grunge-Header-Web.png","width":176,"height":98,"caption":"Daddy Grunge"},"image":{"@id":"https:\/\/daddygrunge.rocks\/en\/#\/schema\/logo\/image\/"},"sameAs":["https:\/\/www.facebook.com\/profile.php?id=61564069955899","https:\/\/www.instagram.com\/daddy_grunge_90s\/","https:\/\/www.tiktok.com\/@daddy_grunge_90s","https:\/\/www.youtube.com\/@daddygrunge"]}]}},"_links":{"self":[{"href":"https:\/\/daddygrunge.rocks\/de\/wp-json\/wp\/v2\/pages\/51","targetHints":{"allow":["GET"]}}],"collection":[{"href":"https:\/\/daddygrunge.rocks\/de\/wp-json\/wp\/v2\/pages"}],"about":[{"href":"https:\/\/daddygrunge.rocks\/de\/wp-json\/wp\/v2\/types\/page"}],"author":[{"embeddable":true,"href":"https:\/\/daddygrunge.rocks\/de\/wp-json\/wp\/v2\/users\/1"}],"replies":[{"embeddable":true,"href":"https:\/\/daddygrunge.rocks\/de\/wp-json\/wp\/v2\/comments?post=51"}],"version-history":[{"count":12,"href":"https:\/\/daddygrunge.rocks\/de\/wp-json\/wp\/v2\/pages\/51\/revisions"}],"predecessor-version":[{"id":134,"href":"https:\/\/daddygrunge.rocks\/de\/wp-json\/wp\/v2\/pages\/51\/revisions\/134"}],"wp:attachment":[{"href":"https:\/\/daddygrunge.rocks\/de\/wp-json\/wp\/v2\/media?parent=51"}],"curies":[{"name":"wp","href":"https:\/\/api.w.org\/{rel}","templated":true}]}}